{"id":2771,"date":"2023-11-18T10:59:41","date_gmt":"2023-11-18T10:59:41","guid":{"rendered":"https:\/\/peinturemarine.com\/produit\/tote-bag-6\/"},"modified":"2023-11-18T11:03:48","modified_gmt":"2023-11-18T11:03:48","slug":"tote-bag-6","status":"publish","type":"product","link":"https:\/\/peinturemarine.com\/en\/product\/tote-bag-6\/","title":{"rendered":"Tote bag"},"content":{"rendered":"<p>\u2022 100 % polyester fil\u00e9, tissu r\u00e9sistant aux intemp\u00e9ries<br \/>\n\u2022 Sac 38,1 cm x 38,1 cm<br \/>\n\u2022 Capacit\u00e9 : 10 l<br \/>\n\u2022 Limite de poids maximum : 20 kg<br \/>\n\u2022 Denim 100 % coton naturel teint apr\u00e8s tissage avec anse double<br \/>\n\u2022 Longueur des anses : 30 cm, largeur de 2,5 cm<br \/>\n\u2022 Les anses peuvent l\u00e9g\u00e8rement diff\u00e9rer selon le lieu d&rsquo;ex\u00e9cution<br \/>\n\u2022 Comprend 95 % de polyester recycl\u00e9<br \/>\n\u2022 Comprend 0 % de substances dangereuses<br \/>\n\u2022 Cet article lib\u00e8re des microfibres en plastique dans l&rsquo;environnement pendant le lavage<\/p>","protected":false},"excerpt":{"rendered":"<p>Un tote bag large et tendance pour vous aider \u00e0 transporter tout ce qui compte.<\/p>","protected":false},"featured_media":2775,"comment_status":"open","ping_status":"closed","template":"","meta":{"_kad_post_transparent":"default","_kad_post_title":"","_kad_post_layout":"default","_kad_post_sidebar_id":"","_kad_post_content_style":"default","_kad_post_vertical_padding":"default","_kad_post_feature":"","_kad_post_feature_position":"","_kad_post_header":false,"_kad_post_footer":false},"product_brand":[],"product_cat":[32],"product_tag":[],"class_list":{"0":"post-2771","1":"product","2":"type-product","3":"status-publish","4":"has-post-thumbnail","6":"product_cat-sacs","8":"first","9":"instock","10":"shipping-taxable","11":"purchasable","12":"product-type-variable","13":"entry","14":"content-bg","15":"loop-entry"},"_links":{"self":[{"href":"https:\/\/peinturemarine.com\/en\/wp-json\/wp\/v2\/product\/2771","targetHints":{"allow":["GET"]}}],"collection":[{"href":"https:\/\/peinturemarine.com\/en\/wp-json\/wp\/v2\/product"}],"about":[{"href":"https:\/\/peinturemarine.com\/en\/wp-json\/wp\/v2\/types\/product"}],"replies":[{"embeddable":true,"href":"https:\/\/peinturemarine.com\/en\/wp-json\/wp\/v2\/comments?post=2771"}],"wp:featuredmedia":[{"embeddable":true,"href":"https:\/\/peinturemarine.com\/en\/wp-json\/wp\/v2\/media\/2775"}],"wp:attachment":[{"href":"https:\/\/peinturemarine.com\/en\/wp-json\/wp\/v2\/media?parent=2771"}],"wp:term":[{"taxonomy":"product_brand","embeddable":true,"href":"https:\/\/peinturemarine.com\/en\/wp-json\/wp\/v2\/product_brand?post=2771"},{"taxonomy":"product_cat","embeddable":true,"href":"https:\/\/peinturemarine.com\/en\/wp-json\/wp\/v2\/product_cat?post=2771"},{"taxonomy":"product_tag","embeddable":true,"href":"https:\/\/peinturemarine.com\/en\/wp-json\/wp\/v2\/product_tag?post=2771"}],"curies":[{"name":"wp","href":"https:\/\/api.w.org\/{rel}","templated":true}]}}