{"id":2746,"date":"2023-11-18T10:41:27","date_gmt":"2023-11-18T10:41:27","guid":{"rendered":"https:\/\/peinturemarine.com\/produit\/housse-pour-ordinateur-portable-6\/"},"modified":"2025-05-14T12:21:09","modified_gmt":"2025-05-14T12:21:09","slug":"housse-pour-ordinateur-portable-6","status":"publish","type":"product","link":"https:\/\/peinturemarine.com\/en\/product\/housse-pour-ordinateur-portable-6\/","title":{"rendered":"Housse Pour Ordinateur Portable"},"content":{"rendered":"<p>\u2022 100 % n\u00e9opr\u00e8ne<br \/>\n\u2022 Poids du produit :<br \/>\n13 pouces : 220 g<br \/>\n15 pouces : 260 g<br \/>\n\u2022 Ajustement pr\u00e9cis<br \/>\n\u2022 Doublure int\u00e9rieure en fausse fourrure<br \/>\n\u2022 L\u00e9ger et r\u00e9sistant \u00e0 l&rsquo;eau, \u00e0 la graisse et \u00e0 la chaleur<br \/>\n\u2022 Fermeture \u00e9clair \u00e0 2 curseurs, chargement par le haut<br \/>\n\u2022 Rembourrage au niveau de la fermeture \u00e9clair<\/p>","protected":false},"excerpt":{"rendered":"<p>Prot\u00e9gez votre ordinateur portable avec style gr\u00e2ce \u00e0 cette housse l\u00e9g\u00e8re et confortable ! Pour \u00e9viter toute trace de griffure, elle est \u00e9quip\u00e9e d\u2019une fermeture \u00e9clair rembourr\u00e9e et son int\u00e9rieur est enti\u00e8rement doubl\u00e9 de fausse fourrure. De plus, elle est fabriqu\u00e9e dans un mat\u00e9riau r\u00e9sistant \u00e0 l&rsquo;eau, \u00e0 la graisse et \u00e0 la chaleur.<\/p>","protected":false},"featured_media":2749,"comment_status":"open","ping_status":"closed","template":"","meta":{"_kad_post_transparent":"default","_kad_post_title":"","_kad_post_layout":"default","_kad_post_sidebar_id":"","_kad_post_content_style":"default","_kad_post_vertical_padding":"default","_kad_post_feature":"","_kad_post_feature_position":"","_kad_post_header":false,"_kad_post_footer":false},"product_brand":[],"product_cat":[32],"product_tag":[],"class_list":{"0":"post-2746","1":"product","2":"type-product","3":"status-publish","4":"has-post-thumbnail","6":"product_cat-sacs","8":"first","9":"instock","10":"shipping-taxable","11":"purchasable","12":"product-type-variable","13":"entry","14":"content-bg","15":"loop-entry"},"_links":{"self":[{"href":"https:\/\/peinturemarine.com\/en\/wp-json\/wp\/v2\/product\/2746","targetHints":{"allow":["GET"]}}],"collection":[{"href":"https:\/\/peinturemarine.com\/en\/wp-json\/wp\/v2\/product"}],"about":[{"href":"https:\/\/peinturemarine.com\/en\/wp-json\/wp\/v2\/types\/product"}],"replies":[{"embeddable":true,"href":"https:\/\/peinturemarine.com\/en\/wp-json\/wp\/v2\/comments?post=2746"}],"wp:featuredmedia":[{"embeddable":true,"href":"https:\/\/peinturemarine.com\/en\/wp-json\/wp\/v2\/media\/2749"}],"wp:attachment":[{"href":"https:\/\/peinturemarine.com\/en\/wp-json\/wp\/v2\/media?parent=2746"}],"wp:term":[{"taxonomy":"product_brand","embeddable":true,"href":"https:\/\/peinturemarine.com\/en\/wp-json\/wp\/v2\/product_brand?post=2746"},{"taxonomy":"product_cat","embeddable":true,"href":"https:\/\/peinturemarine.com\/en\/wp-json\/wp\/v2\/product_cat?post=2746"},{"taxonomy":"product_tag","embeddable":true,"href":"https:\/\/peinturemarine.com\/en\/wp-json\/wp\/v2\/product_tag?post=2746"}],"curies":[{"name":"wp","href":"https:\/\/api.w.org\/{rel}","templated":true}]}}