{"id":2660,"date":"2023-11-17T00:50:23","date_gmt":"2023-11-17T00:50:23","guid":{"rendered":"https:\/\/peinturemarine.com\/produit\/mug-a-interieur-colore-10\/"},"modified":"2023-11-17T00:51:56","modified_gmt":"2023-11-17T00:51:56","slug":"mug-a-interieur-colore-10","status":"publish","type":"product","link":"https:\/\/peinturemarine.com\/en\/product\/mug-a-interieur-colore-10\/","title":{"rendered":"Coloured interior mug"},"content":{"rendered":"<p>\u2022 C\u00e9ramique<br \/>\n\u2022 Dimensions du mug de 300 ml : 9,6 cm de hauteur, 8,3 cm de diam\u00e8tre<br \/>\n\u2022 Rebord, int\u00e9rieur et poign\u00e9e color\u00e9s<br \/>\n\u2022 Peut passer au lave-vaisselle et au micro-ondes<\/p>","protected":false},"excerpt":{"rendered":"<p>\u2022 C\u00e9ramique \u2022 Dimensions du mug de 300 ml : 9,6 cm de hauteur, 8,3 cm de diam\u00e8tre \u2022 Rebord, int\u00e9rieur et poign\u00e9e color\u00e9s \u2022 Peut passer au lave-vaisselle et au micro-ondes<\/p>","protected":false},"featured_media":2667,"comment_status":"open","ping_status":"closed","template":"","meta":{"_kad_post_transparent":"","_kad_post_title":"","_kad_post_layout":"","_kad_post_sidebar_id":"","_kad_post_content_style":"","_kad_post_vertical_padding":"","_kad_post_feature":"","_kad_post_feature_position":"","_kad_post_header":false,"_kad_post_footer":false},"product_brand":[],"product_cat":[31],"product_tag":[],"class_list":{"0":"post-2660","1":"product","2":"type-product","3":"status-publish","4":"has-post-thumbnail","6":"product_cat-tasses-gourdes","8":"first","9":"instock","10":"shipping-taxable","11":"purchasable","12":"product-type-variable","13":"entry","14":"content-bg","15":"loop-entry"},"_links":{"self":[{"href":"https:\/\/peinturemarine.com\/en\/wp-json\/wp\/v2\/product\/2660","targetHints":{"allow":["GET"]}}],"collection":[{"href":"https:\/\/peinturemarine.com\/en\/wp-json\/wp\/v2\/product"}],"about":[{"href":"https:\/\/peinturemarine.com\/en\/wp-json\/wp\/v2\/types\/product"}],"replies":[{"embeddable":true,"href":"https:\/\/peinturemarine.com\/en\/wp-json\/wp\/v2\/comments?post=2660"}],"wp:featuredmedia":[{"embeddable":true,"href":"https:\/\/peinturemarine.com\/en\/wp-json\/wp\/v2\/media\/2667"}],"wp:attachment":[{"href":"https:\/\/peinturemarine.com\/en\/wp-json\/wp\/v2\/media?parent=2660"}],"wp:term":[{"taxonomy":"product_brand","embeddable":true,"href":"https:\/\/peinturemarine.com\/en\/wp-json\/wp\/v2\/product_brand?post=2660"},{"taxonomy":"product_cat","embeddable":true,"href":"https:\/\/peinturemarine.com\/en\/wp-json\/wp\/v2\/product_cat?post=2660"},{"taxonomy":"product_tag","embeddable":true,"href":"https:\/\/peinturemarine.com\/en\/wp-json\/wp\/v2\/product_tag?post=2660"}],"curies":[{"name":"wp","href":"https:\/\/api.w.org\/{rel}","templated":true}]}}