{"id":2635,"date":"2023-11-17T00:48:45","date_gmt":"2023-11-17T00:48:45","guid":{"rendered":"https:\/\/peinturemarine.com\/produit\/mug-a-interieur-colore-9\/"},"modified":"2024-11-07T20:54:36","modified_gmt":"2024-11-07T20:54:36","slug":"mug-a-interieur-colore-9","status":"publish","type":"product","link":"https:\/\/peinturemarine.com\/en\/product\/mug-a-interieur-colore-9\/","title":{"rendered":"Coloured interior mug"},"content":{"rendered":"<p>\u2022 C\u00e9ramique<br \/>\n\u2022 Dimensions du mug de 300 ml : 9,6 cm de hauteur, 8,3 cm de diam\u00e8tre<br \/>\n\u2022 Rebord, int\u00e9rieur et poign\u00e9e color\u00e9s<br \/>\n\u2022 Peut passer au lave-vaisselle et au micro-ondes<\/p>","protected":false},"excerpt":{"rendered":"<p>Ajoutez une touche color\u00e9e \u00e0 votre rituel du caf\u00e9 ou du th\u00e9 du matin\u00a0! Ces mugs en c\u00e9ramique ont non seulement un joli design, mais leur rebord, la poign\u00e9e et l&rsquo;int\u00e9rieur sont color\u00e9s, de sorte que le mug pimentera votre \u00e9tag\u00e8re \u00e0 mugs.<\/p>","protected":false},"featured_media":2642,"comment_status":"open","ping_status":"closed","template":"","meta":{"_kad_post_transparent":"default","_kad_post_title":"","_kad_post_layout":"default","_kad_post_sidebar_id":"","_kad_post_content_style":"default","_kad_post_vertical_padding":"default","_kad_post_feature":"","_kad_post_feature_position":"","_kad_post_header":false,"_kad_post_footer":false},"product_brand":[],"product_cat":[31],"product_tag":[],"class_list":{"0":"post-2635","1":"product","2":"type-product","3":"status-publish","4":"has-post-thumbnail","6":"product_cat-tasses-gourdes","8":"first","9":"instock","10":"shipping-taxable","11":"purchasable","12":"product-type-variable","13":"entry","14":"content-bg","15":"loop-entry"},"_links":{"self":[{"href":"https:\/\/peinturemarine.com\/en\/wp-json\/wp\/v2\/product\/2635","targetHints":{"allow":["GET"]}}],"collection":[{"href":"https:\/\/peinturemarine.com\/en\/wp-json\/wp\/v2\/product"}],"about":[{"href":"https:\/\/peinturemarine.com\/en\/wp-json\/wp\/v2\/types\/product"}],"replies":[{"embeddable":true,"href":"https:\/\/peinturemarine.com\/en\/wp-json\/wp\/v2\/comments?post=2635"}],"wp:featuredmedia":[{"embeddable":true,"href":"https:\/\/peinturemarine.com\/en\/wp-json\/wp\/v2\/media\/2642"}],"wp:attachment":[{"href":"https:\/\/peinturemarine.com\/en\/wp-json\/wp\/v2\/media?parent=2635"}],"wp:term":[{"taxonomy":"product_brand","embeddable":true,"href":"https:\/\/peinturemarine.com\/en\/wp-json\/wp\/v2\/product_brand?post=2635"},{"taxonomy":"product_cat","embeddable":true,"href":"https:\/\/peinturemarine.com\/en\/wp-json\/wp\/v2\/product_cat?post=2635"},{"taxonomy":"product_tag","embeddable":true,"href":"https:\/\/peinturemarine.com\/en\/wp-json\/wp\/v2\/product_tag?post=2635"}],"curies":[{"name":"wp","href":"https:\/\/api.w.org\/{rel}","templated":true}]}}