{"id":2522,"date":"2023-11-17T00:22:10","date_gmt":"2023-11-17T00:22:10","guid":{"rendered":"https:\/\/peinturemarine.com\/produit\/carnet-a-couverture-rigide-9\/"},"modified":"2025-05-26T03:43:27","modified_gmt":"2025-05-26T03:43:27","slug":"carnet-a-couverture-rigide-9","status":"publish","type":"product","link":"https:\/\/peinturemarine.com\/en\/product\/carnet-a-couverture-rigide-9\/","title":{"rendered":"Notebooks with hard cover"},"content":{"rendered":"<p>\u2022 Mat\u00e9riau de la couverture\u00a0: papier cartonn\u00e9 UltraHyde<br \/>\n\u2022 Taille\u00a0: 13,97\u00a0cm\u00a0\u00d7 21,59\u00a0cm (5,5\u00a0\u00d7 8,5&Prime;)<br \/>\n\u2022 Poids\u00a0: 309\u00a0g (10,9\u00a0oz)<br \/>\n\u2022 80\u00a0pages de papier lign\u00e9 de couleur cr\u00e8me<br \/>\n\u2022 Fermeture \u00e9lastique et ruban de signet assortis<br \/>\n\u2022 Poche int\u00e9rieure extensible<\/p>","protected":false},"excerpt":{"rendered":"<p>Que vous cr\u00e9iez un chef-d&rsquo;\u0153uvre ou que vous r\u00e9fl\u00e9chissiez \u00e0 votre prochaine grande id\u00e9e, ce carnet stimulera votre esprit cr\u00e9atif. Le produit comprend 80\u00a0pages lign\u00e9es de couleur cr\u00e8me, une fermeture \u00e9lastique int\u00e9gr\u00e9e et un ruban de signet assorti. De plus, la poche int\u00e9rieure extensible est parfaite pour stocker des notes et des cartes de visite en vrac, afin de ne jamais perdre de vue les informations importantes.<\/p>","protected":false},"featured_media":2527,"comment_status":"open","ping_status":"closed","template":"","meta":{"_kad_post_transparent":"default","_kad_post_title":"","_kad_post_layout":"default","_kad_post_sidebar_id":"","_kad_post_content_style":"default","_kad_post_vertical_padding":"default","_kad_post_feature":"","_kad_post_feature_position":"","_kad_post_header":false,"_kad_post_footer":false},"product_brand":[],"product_cat":[50],"product_tag":[],"class_list":{"0":"post-2522","1":"product","2":"type-product","3":"status-publish","4":"has-post-thumbnail","6":"product_cat-carnet","8":"first","9":"instock","10":"shipping-taxable","11":"purchasable","12":"product-type-variable","13":"entry","14":"content-bg","15":"loop-entry"},"_links":{"self":[{"href":"https:\/\/peinturemarine.com\/en\/wp-json\/wp\/v2\/product\/2522","targetHints":{"allow":["GET"]}}],"collection":[{"href":"https:\/\/peinturemarine.com\/en\/wp-json\/wp\/v2\/product"}],"about":[{"href":"https:\/\/peinturemarine.com\/en\/wp-json\/wp\/v2\/types\/product"}],"replies":[{"embeddable":true,"href":"https:\/\/peinturemarine.com\/en\/wp-json\/wp\/v2\/comments?post=2522"}],"wp:featuredmedia":[{"embeddable":true,"href":"https:\/\/peinturemarine.com\/en\/wp-json\/wp\/v2\/media\/2527"}],"wp:attachment":[{"href":"https:\/\/peinturemarine.com\/en\/wp-json\/wp\/v2\/media?parent=2522"}],"wp:term":[{"taxonomy":"product_brand","embeddable":true,"href":"https:\/\/peinturemarine.com\/en\/wp-json\/wp\/v2\/product_brand?post=2522"},{"taxonomy":"product_cat","embeddable":true,"href":"https:\/\/peinturemarine.com\/en\/wp-json\/wp\/v2\/product_cat?post=2522"},{"taxonomy":"product_tag","embeddable":true,"href":"https:\/\/peinturemarine.com\/en\/wp-json\/wp\/v2\/product_tag?post=2522"}],"curies":[{"name":"wp","href":"https:\/\/api.w.org\/{rel}","templated":true}]}}