{"id":37,"date":"2023-05-17T13:48:15","date_gmt":"2023-05-17T13:48:15","guid":{"rendered":"https:\/\/peinturemarine.com\/?page_id=37"},"modified":"2024-10-22T04:38:29","modified_gmt":"2024-10-22T04:38:29","slug":"contact","status":"publish","type":"page","link":"https:\/\/peinturemarine.com\/en\/contact\/","title":{"rendered":"Contact me"},"content":{"rendered":"<div data-elementor-type=\"wp-page\" data-elementor-id=\"37\" class=\"elementor elementor-37\" data-elementor-post-type=\"page\">\n\t\t\t\t<div class=\"elementor-element elementor-element-2fd832a e-flex e-con-boxed e-con e-parent\" data-id=\"2fd832a\" data-element_type=\"container\" data-e-type=\"container\" data-settings=\"{&quot;background_background&quot;:&quot;classic&quot;}\">\n\t\t\t\t\t<div class=\"e-con-inner\">\n\t\t<div class=\"elementor-element elementor-element-cc6aab9 e-con-full e-flex e-con e-child\" data-id=\"cc6aab9\" data-element_type=\"container\" data-e-type=\"container\">\n\t\t\t\t<div class=\"elementor-element elementor-element-015e17c elementor-widget elementor-widget-heading\" data-id=\"015e17c\" data-element_type=\"widget\" data-e-type=\"widget\" data-widget_type=\"heading.default\">\n\t\t\t\t<div class=\"elementor-widget-container\">\n\t\t\t\t\t<h1 class=\"elementor-heading-title elementor-size-default\">Contact me<\/h1>\t\t\t\t<\/div>\n\t\t\t\t<\/div>\n\t\t<div class=\"elementor-element elementor-element-7100cd7 e-con-full e-flex e-con e-child\" data-id=\"7100cd7\" data-element_type=\"container\" data-e-type=\"container\">\n\t\t<div class=\"elementor-element elementor-element-62f3f02 e-con-full e-flex e-con e-child\" data-id=\"62f3f02\" data-element_type=\"container\" data-e-type=\"container\">\n\t\t\t\t<div class=\"elementor-element elementor-element-401ce0a elementor-widget elementor-widget-text-editor\" data-id=\"401ce0a\" data-element_type=\"widget\" data-e-type=\"widget\" data-widget_type=\"text-editor.default\">\n\t\t\t\t<div class=\"elementor-widget-container\">\n\t\t\t\t\t\t\t\t\t<p>I\u2019m always happy to connect with you, whether it\u2019s about the paintings on display or special requests.<\/p>\t\t\t\t\t\t\t\t<\/div>\n\t\t\t\t<\/div>\n\t\t\t\t<div class=\"elementor-element elementor-element-2253e20 elementor-widget-divider--view-line elementor-widget elementor-widget-divider\" data-id=\"2253e20\" data-element_type=\"widget\" data-e-type=\"widget\" data-widget_type=\"divider.default\">\n\t\t\t\t<div class=\"elementor-widget-container\">\n\t\t\t\t\t\t\t<div class=\"elementor-divider\">\n\t\t\t<span class=\"elementor-divider-separator\">\n\t\t\t\t\t\t<\/span>\n\t\t<\/div>\n\t\t\t\t\t\t<\/div>\n\t\t\t\t<\/div>\n\t\t\t\t<div class=\"elementor-element elementor-element-6fd8bc5 elementor-widget elementor-widget-text-editor\" data-id=\"6fd8bc5\" data-element_type=\"widget\" data-e-type=\"widget\" data-widget_type=\"text-editor.default\">\n\t\t\t\t<div class=\"elementor-widget-container\">\n\t\t\t\t\t\t\t\t\t<p>Write to me at:<\/p><p>peinturemarine16@gmail.com<\/p>\t\t\t\t\t\t\t\t<\/div>\n\t\t\t\t<\/div>\n\t\t\t\t<\/div>\n\t\t\t\t<\/div>\n\t\t\t\t<\/div>\n\t\t\t\t\t<\/div>\n\t\t\t\t<\/div>\n\t\t<div class=\"elementor-element elementor-element-51e3c6e1 e-flex e-con-boxed e-con e-parent\" data-id=\"51e3c6e1\" data-element_type=\"container\" data-e-type=\"container\" data-settings=\"{&quot;background_background&quot;:&quot;classic&quot;}\">\n\t\t\t\t\t<div class=\"e-con-inner\">\n\t\t<div class=\"elementor-element elementor-element-25cec025 e-con-full e-flex e-con e-child\" data-id=\"25cec025\" data-element_type=\"container\" data-e-type=\"container\" data-settings=\"{&quot;background_background&quot;:&quot;classic&quot;}\">\n\t\t\t\t<div class=\"elementor-element elementor-element-728af845 elementor-widget elementor-widget-heading\" data-id=\"728af845\" data-element_type=\"widget\" data-e-type=\"widget\" data-widget_type=\"heading.default\">\n\t\t\t\t<div class=\"elementor-widget-container\">\n\t\t\t\t\t<h2 class=\"elementor-heading-title elementor-size-default\">To exhibit Peinture Marine\u2019s artwork in your gallery\n<\/h2>\t\t\t\t<\/div>\n\t\t\t\t<\/div>\n\t\t\t\t<\/div>\n\t\t<div class=\"elementor-element elementor-element-3f37c725 e-con-full e-flex e-con e-child\" data-id=\"3f37c725\" data-element_type=\"container\" data-e-type=\"container\" data-settings=\"{&quot;background_background&quot;:&quot;classic&quot;}\">\n\t\t\t\t<div class=\"elementor-element elementor-element-bfdadb9 elementor-widget elementor-widget-heading\" data-id=\"bfdadb9\" data-element_type=\"widget\" data-e-type=\"widget\" data-widget_type=\"heading.default\">\n\t\t\t\t<div class=\"elementor-widget-container\">\n\t\t\t\t\t<h3 class=\"elementor-heading-title elementor-size-default\">Contact &amp; coordination<\/h3>\t\t\t\t<\/div>\n\t\t\t\t<\/div>\n\t\t\t\t<div class=\"elementor-element elementor-element-693d349e elementor-widget elementor-widget-text-editor\" data-id=\"693d349e\" data-element_type=\"widget\" data-e-type=\"widget\" data-widget_type=\"text-editor.default\">\n\t\t\t\t<div class=\"elementor-widget-container\">\n\t\t\t\t\t\t\t\t\t<p>To exhibit or purchase one of her works, I invite you to get in touch with me to arrange a phone or virtual meeting.<\/p><p>You can reach me at: +33 6 24 14 25 32<br \/>or by email at peinturemarine16@gmail.com<\/p>\t\t\t\t\t\t\t\t<\/div>\n\t\t\t\t<\/div>\n\t\t\t\t<div class=\"elementor-element elementor-element-57db03a8 elementor-widget elementor-widget-heading\" data-id=\"57db03a8\" data-element_type=\"widget\" data-e-type=\"widget\" data-widget_type=\"heading.default\">\n\t\t\t\t<div class=\"elementor-widget-container\">\n\t\t\t\t\t<h3 class=\"elementor-heading-title elementor-size-default\">Selection &amp; planning<\/h3>\t\t\t\t<\/div>\n\t\t\t\t<\/div>\n\t\t\t\t<div class=\"elementor-element elementor-element-702f866 elementor-widget elementor-widget-text-editor\" data-id=\"702f866\" data-element_type=\"widget\" data-e-type=\"widget\" data-widget_type=\"text-editor.default\">\n\t\t\t\t<div class=\"elementor-widget-container\">\n\t\t\t\t\t\t\t\t\t<p>During our call, I\u2019ll share the available paintings with you and we\u2019ll discuss the terms of the agreement together.<\/p>\t\t\t\t\t\t\t\t<\/div>\n\t\t\t\t<\/div>\n\t\t\t\t<div class=\"elementor-element elementor-element-6a2c5c31 elementor-widget elementor-widget-heading\" data-id=\"6a2c5c31\" data-element_type=\"widget\" data-e-type=\"widget\" data-widget_type=\"heading.default\">\n\t\t\t\t<div class=\"elementor-widget-container\">\n\t\t\t\t\t<h3 class=\"elementor-heading-title elementor-size-default\">Artwork delivery<\/h3>\t\t\t\t<\/div>\n\t\t\t\t<\/div>\n\t\t\t\t<div class=\"elementor-element elementor-element-61e535c1 elementor-widget elementor-widget-text-editor\" data-id=\"61e535c1\" data-element_type=\"widget\" data-e-type=\"widget\" data-widget_type=\"text-editor.default\">\n\t\t\t\t<div class=\"elementor-widget-container\">\n\t\t\t\t\t\t\t\t\t<p>Depending on the location of your gallery, I will personally arrange for the paintings to be delivered or shipped, ensuring they arrive in perfect condition.<\/p>\t\t\t\t\t\t\t\t<\/div>\n\t\t\t\t<\/div>\n\t\t\t\t<\/div>\n\t\t\t\t\t<\/div>\n\t\t\t\t<\/div>\n\t\t<div class=\"elementor-element elementor-element-a7f21b9 e-con-full e-flex e-con e-parent\" data-id=\"a7f21b9\" data-element_type=\"container\" data-e-type=\"container\">\n\t\t<div class=\"elementor-element elementor-element-a6d2b5f e-con-full e-flex e-con e-child\" data-id=\"a6d2b5f\" data-element_type=\"container\" data-e-type=\"container\">\n\t\t\t\t<div class=\"elementor-element elementor-element-f0815be elementor-widget elementor-widget-heading\" data-id=\"f0815be\" data-element_type=\"widget\" data-e-type=\"widget\" data-widget_type=\"heading.default\">\n\t\t\t\t<div class=\"elementor-widget-container\">\n\t\t\t\t\t<h2 class=\"elementor-heading-title elementor-size-default\">Latest projects<\/h2>\t\t\t\t<\/div>\n\t\t\t\t<\/div>\n\t\t\t\t<div class=\"elementor-element elementor-element-b9acfdd elementor-widget elementor-widget-heading\" data-id=\"b9acfdd\" data-element_type=\"widget\" data-e-type=\"widget\" data-widget_type=\"heading.default\">\n\t\t\t\t<div class=\"elementor-widget-container\">\n\t\t\t\t\t<h5 class=\"elementor-heading-title elementor-size-default\">Most paintings are marine-themed, but the landscapes vary depending on custom requests.<\/h5>\t\t\t\t<\/div>\n\t\t\t\t<\/div>\n\t\t\t\t<div class=\"elementor-element elementor-element-a271b1d gallery-spacing-custom elementor-widget elementor-widget-image-gallery\" data-id=\"a271b1d\" data-element_type=\"widget\" data-e-type=\"widget\" data-widget_type=\"image-gallery.default\">\n\t\t\t\t<div class=\"elementor-widget-container\">\n\t\t\t\t\t\t\t<div class=\"elementor-image-gallery\">\n\t\t\t<div id='gallery-1' class='gallery galleryid-37 gallery-columns-3 gallery-size-full'><figure class='gallery-item'>\n\t\t\t<div class='gallery-icon landscape'>\n\t\t\t\t<a data-elementor-open-lightbox=\"yes\" data-elementor-lightbox-slideshow=\"a271b1d\" data-elementor-lightbox-title=\"Atlantique 7\" data-e-action-hash=\"#elementor-action%3Aaction%3Dlightbox%26settings%3DeyJpZCI6MzAzLCJ1cmwiOiJodHRwczpcL1wvcGVpbnR1cmVtYXJpbmUuY29tXC93cC1jb250ZW50XC91cGxvYWRzXC8yMDIzXC8wNVwvcGVpbnR1cmVtYXJpbmUyNS1zY2FsZWQud2VicCIsInNsaWRlc2hvdyI6ImEyNzFiMWQifQ%3D%3D\" href='https:\/\/peinturemarine.com\/wp-content\/uploads\/2023\/05\/peinturemarine25-scaled.webp'><img fetchpriority=\"high\" decoding=\"async\" width=\"2560\" height=\"2153\" src=\"https:\/\/peinturemarine.com\/wp-content\/uploads\/2023\/05\/peinturemarine25-scaled.webp\" class=\"attachment-full size-full\" alt=\"\" aria-describedby=\"gallery-1-303\" srcset=\"https:\/\/peinturemarine.com\/wp-content\/uploads\/2023\/05\/peinturemarine25-scaled.webp 2560w, https:\/\/peinturemarine.com\/wp-content\/uploads\/2023\/05\/peinturemarine25-300x252.webp 300w, https:\/\/peinturemarine.com\/wp-content\/uploads\/2023\/05\/peinturemarine25-1024x861.webp 1024w, https:\/\/peinturemarine.com\/wp-content\/uploads\/2023\/05\/peinturemarine25-768x646.webp 768w, https:\/\/peinturemarine.com\/wp-content\/uploads\/2023\/05\/peinturemarine25-1536x1292.webp 1536w, https:\/\/peinturemarine.com\/wp-content\/uploads\/2023\/05\/peinturemarine25-2048x1723.webp 2048w\" sizes=\"(max-width: 2560px) 100vw, 2560px\" \/><\/a>\n\t\t\t<\/div>\n\t\t\t\t<figcaption class='wp-caption-text gallery-caption' id='gallery-1-303'>\n\t\t\t\t<br>\nAtlantique 7\n<br>Available\n\t\t\t\t<\/figcaption><\/figure><figure class='gallery-item'>\n\t\t\t<div class='gallery-icon landscape'>\n\t\t\t\t<a data-elementor-open-lightbox=\"yes\" data-elementor-lightbox-slideshow=\"a271b1d\" data-elementor-lightbox-title=\"Atlantique 9 Partie 1\" data-e-action-hash=\"#elementor-action%3Aaction%3Dlightbox%26settings%3DeyJpZCI6MzA0LCJ1cmwiOiJodHRwczpcL1wvcGVpbnR1cmVtYXJpbmUuY29tXC93cC1jb250ZW50XC91cGxvYWRzXC8yMDIzXC8wNVwvcGVpbnR1cmVtYXJpbmUyNi1zY2FsZWQud2VicCIsInNsaWRlc2hvdyI6ImEyNzFiMWQifQ%3D%3D\" href='https:\/\/peinturemarine.com\/wp-content\/uploads\/2023\/05\/peinturemarine26-scaled.webp'><img decoding=\"async\" width=\"2560\" height=\"2108\" src=\"https:\/\/peinturemarine.com\/wp-content\/uploads\/2023\/05\/peinturemarine26-scaled.webp\" class=\"attachment-full size-full\" alt=\"\" aria-describedby=\"gallery-1-304\" srcset=\"https:\/\/peinturemarine.com\/wp-content\/uploads\/2023\/05\/peinturemarine26-scaled.webp 2560w, https:\/\/peinturemarine.com\/wp-content\/uploads\/2023\/05\/peinturemarine26-300x247.webp 300w, https:\/\/peinturemarine.com\/wp-content\/uploads\/2023\/05\/peinturemarine26-1024x843.webp 1024w, https:\/\/peinturemarine.com\/wp-content\/uploads\/2023\/05\/peinturemarine26-768x632.webp 768w, https:\/\/peinturemarine.com\/wp-content\/uploads\/2023\/05\/peinturemarine26-1536x1265.webp 1536w, https:\/\/peinturemarine.com\/wp-content\/uploads\/2023\/05\/peinturemarine26-2048x1686.webp 2048w\" sizes=\"(max-width: 2560px) 100vw, 2560px\" \/><\/a>\n\t\t\t<\/div>\n\t\t\t\t<figcaption class='wp-caption-text gallery-caption' id='gallery-1-304'>\n\t\t\t\t<br>\nAtlantique 9 Partie 1\n<br>Available\n\t\t\t\t<\/figcaption><\/figure><figure class='gallery-item'>\n\t\t\t<div class='gallery-icon landscape'>\n\t\t\t\t<a data-elementor-open-lightbox=\"yes\" data-elementor-lightbox-slideshow=\"a271b1d\" data-elementor-lightbox-title=\"Atlantique 9 Partie 2\" data-e-action-hash=\"#elementor-action%3Aaction%3Dlightbox%26settings%3DeyJpZCI6MzA1LCJ1cmwiOiJodHRwczpcL1wvcGVpbnR1cmVtYXJpbmUuY29tXC93cC1jb250ZW50XC91cGxvYWRzXC8yMDIzXC8wNVwvcGVpbnR1cmVtYXJpbmUyNy1zY2FsZWQud2VicCIsInNsaWRlc2hvdyI6ImEyNzFiMWQifQ%3D%3D\" href='https:\/\/peinturemarine.com\/wp-content\/uploads\/2023\/05\/peinturemarine27-scaled.webp'><img decoding=\"async\" width=\"2560\" height=\"2116\" src=\"https:\/\/peinturemarine.com\/wp-content\/uploads\/2023\/05\/peinturemarine27-scaled.webp\" class=\"attachment-full size-full\" alt=\"\" aria-describedby=\"gallery-1-305\" srcset=\"https:\/\/peinturemarine.com\/wp-content\/uploads\/2023\/05\/peinturemarine27-scaled.webp 2560w, https:\/\/peinturemarine.com\/wp-content\/uploads\/2023\/05\/peinturemarine27-300x248.webp 300w, https:\/\/peinturemarine.com\/wp-content\/uploads\/2023\/05\/peinturemarine27-1024x846.webp 1024w, https:\/\/peinturemarine.com\/wp-content\/uploads\/2023\/05\/peinturemarine27-768x635.webp 768w, https:\/\/peinturemarine.com\/wp-content\/uploads\/2023\/05\/peinturemarine27-1536x1269.webp 1536w, https:\/\/peinturemarine.com\/wp-content\/uploads\/2023\/05\/peinturemarine27-2048x1692.webp 2048w\" sizes=\"(max-width: 2560px) 100vw, 2560px\" \/><\/a>\n\t\t\t<\/div>\n\t\t\t\t<figcaption class='wp-caption-text gallery-caption' id='gallery-1-305'>\n\t\t\t\t<br>\nAtlantique 9 Partie 2\n<br>Available\n\t\t\t\t<\/figcaption><\/figure>\n\t\t<\/div>\n\t\t<\/div>\n\t\t\t\t\t\t<\/div>\n\t\t\t\t<\/div>\n\t\t\t\t<div class=\"elementor-element elementor-element-cfba8fa elementor-align-center elementor-invisible elementor-widget elementor-widget-button\" data-id=\"cfba8fa\" data-element_type=\"widget\" data-e-type=\"widget\" data-settings=\"{&quot;_animation&quot;:&quot;fadeInDown&quot;}\" data-widget_type=\"button.default\">\n\t\t\t\t<div class=\"elementor-widget-container\">\n\t\t\t\t\t\t\t\t\t<div class=\"elementor-button-wrapper\">\n\t\t\t\t\t<a class=\"elementor-button elementor-button-link elementor-size-sm\" href=\"https:\/\/peinturemarine.com\/en\/?page_id=57\">\n\t\t\t\t\t\t<span class=\"elementor-button-content-wrapper\">\n\t\t\t\t\t\t\t\t\t<span class=\"elementor-button-text\">Voir la galerie<\/span>\n\t\t\t\t\t<\/span>\n\t\t\t\t\t<\/a>\n\t\t\t\t<\/div>\n\t\t\t\t\t\t\t\t<\/div>\n\t\t\t\t<\/div>\n\t\t\t\t<\/div>\n\t\t\t\t<\/div>\n\t\t\t\t<\/div>","protected":false},"excerpt":{"rendered":"<p>Me contacter Je suis tr\u00e8s contente d&rsquo;\u00e9changer avec vous, que cela soit sur les peintures expos\u00e9es ou des demandes particuli\u00e8res. Ecrivez moi \u00e0 l&rsquo;e-mail suivant : peinturemarine16@gmail.com Pour exposer les oeuvres Peinture Marine dans votre galerie Contact et mise en relation Pour pouvoir exposer ou acheter une de ses \u0153uvres, je vous propose de prendre&#8230;<\/p>","protected":false},"author":1,"featured_media":0,"parent":0,"menu_order":0,"comment_status":"closed","ping_status":"closed","template":"elementor_header_footer","meta":{"_kad_post_transparent":"","_kad_post_title":"","_kad_post_layout":"","_kad_post_sidebar_id":"","_kad_post_content_style":"","_kad_post_vertical_padding":"","_kad_post_feature":"","_kad_post_feature_position":"","_kad_post_header":false,"_kad_post_footer":false,"footnotes":""},"class_list":["post-37","page","type-page","status-publish","hentry"],"_links":{"self":[{"href":"https:\/\/peinturemarine.com\/en\/wp-json\/wp\/v2\/pages\/37","targetHints":{"allow":["GET"]}}],"collection":[{"href":"https:\/\/peinturemarine.com\/en\/wp-json\/wp\/v2\/pages"}],"about":[{"href":"https:\/\/peinturemarine.com\/en\/wp-json\/wp\/v2\/types\/page"}],"author":[{"embeddable":true,"href":"https:\/\/peinturemarine.com\/en\/wp-json\/wp\/v2\/users\/1"}],"replies":[{"embeddable":true,"href":"https:\/\/peinturemarine.com\/en\/wp-json\/wp\/v2\/comments?post=37"}],"version-history":[{"count":0,"href":"https:\/\/peinturemarine.com\/en\/wp-json\/wp\/v2\/pages\/37\/revisions"}],"wp:attachment":[{"href":"https:\/\/peinturemarine.com\/en\/wp-json\/wp\/v2\/media?parent=37"}],"curies":[{"name":"wp","href":"https:\/\/api.w.org\/{rel}","templated":true}]}}