{"id":366,"date":"2023-08-06T13:40:14","date_gmt":"2023-08-06T13:40:14","guid":{"rendered":"https:\/\/peinturemarine.com\/?page_id=366"},"modified":"2025-08-07T15:08:02","modified_gmt":"2025-08-07T15:08:02","slug":"latelier-des-vagues","status":"publish","type":"page","link":"https:\/\/peinturemarine.com\/en\/latelier-des-vagues\/","title":{"rendered":"L&rsquo;atelier des vagues"},"content":{"rendered":"<div data-elementor-type=\"wp-page\" data-elementor-id=\"366\" class=\"elementor elementor-366\" data-elementor-post-type=\"page\">\n\t\t\t\t<div class=\"elementor-element elementor-element-4c3a672 e-flex e-con-boxed e-con e-parent\" data-id=\"4c3a672\" data-element_type=\"container\" data-e-type=\"container\">\n\t\t\t\t\t<div class=\"e-con-inner\">\n\t\t<div class=\"elementor-element elementor-element-d160282 e-con-full e-flex e-con e-child\" data-id=\"d160282\" data-element_type=\"container\" data-e-type=\"container\">\n\t\t\t\t<div class=\"elementor-element elementor-element-0ab4452 elementor-widget elementor-widget-heading\" data-id=\"0ab4452\" data-element_type=\"widget\" data-e-type=\"widget\" data-widget_type=\"heading.default\">\n\t\t\t\t<div class=\"elementor-widget-container\">\n\t\t\t\t\t<h1 class=\"elementor-heading-title elementor-size-default\">The waves workshop<\/h1>\t\t\t\t<\/div>\n\t\t\t\t<\/div>\n\t\t\t\t<div class=\"elementor-element elementor-element-484d952 elementor-widget elementor-widget-heading\" data-id=\"484d952\" data-element_type=\"widget\" data-e-type=\"widget\" data-widget_type=\"heading.default\">\n\t\t\t\t<div class=\"elementor-widget-container\">\n\t\t\t\t\t<h5 class=\"elementor-heading-title elementor-size-default\">Welcome to Peinture Marine\u2019s blog space, where you\u2019ll discover more about the inspirations behind Peinture Marine, painting techniques, and the magic hidden within each canvas. <br><br>Dive into the world of crashing waves and seascapes through these stories, and let yourself be carried away by the beauty and power of oil painting. <br> Enjoy your visit!<\/h5>\t\t\t\t<\/div>\n\t\t\t\t<\/div>\n\t\t\t\t<\/div>\n\t\t\t\t\t<\/div>\n\t\t\t\t<\/div>\n\t\t<div class=\"elementor-element elementor-element-6262397 e-con-full e-flex e-con e-parent\" data-id=\"6262397\" data-element_type=\"container\" data-e-type=\"container\">\n\t\t<div class=\"elementor-element elementor-element-553662b e-con-full e-flex e-con e-child\" data-id=\"553662b\" data-element_type=\"container\" data-e-type=\"container\">\n\t\t\t\t<div class=\"elementor-element elementor-element-9ad74b5 elementor-grid-3 elementor-grid-tablet-2 elementor-grid-mobile-1 elementor-posts--thumbnail-top elementor-widget elementor-widget-posts\" data-id=\"9ad74b5\" data-element_type=\"widget\" data-e-type=\"widget\" data-settings=\"{&quot;classic_row_gap&quot;:{&quot;unit&quot;:&quot;px&quot;,&quot;size&quot;:30,&quot;sizes&quot;:[]},&quot;classic_columns&quot;:&quot;3&quot;,&quot;classic_columns_tablet&quot;:&quot;2&quot;,&quot;classic_columns_mobile&quot;:&quot;1&quot;,&quot;classic_row_gap_tablet&quot;:{&quot;unit&quot;:&quot;px&quot;,&quot;size&quot;:&quot;&quot;,&quot;sizes&quot;:[]},&quot;classic_row_gap_mobile&quot;:{&quot;unit&quot;:&quot;px&quot;,&quot;size&quot;:&quot;&quot;,&quot;sizes&quot;:[]}}\" data-widget_type=\"posts.classic\">\n\t\t\t\t<div class=\"elementor-widget-container\">\n\t\t\t\t\t\t\t<div class=\"elementor-posts-container elementor-posts elementor-posts--skin-classic elementor-grid\" role=\"list\">\n\t\t\t\t<article class=\"elementor-post elementor-grid-item post-432 post type-post status-publish format-standard has-post-thumbnail hentry category-uncategorized\" role=\"listitem\">\n\t\t\t\t<a class=\"elementor-post__thumbnail__link\" href=\"https:\/\/peinturemarine.com\/en\/technique-de-la-peinture-a-lhuile\/\" tabindex=\"-1\">\n\t\t\t<div class=\"elementor-post__thumbnail\"><img fetchpriority=\"high\" decoding=\"async\" width=\"300\" height=\"169\" src=\"https:\/\/peinturemarine.com\/wp-content\/uploads\/2023\/10\/5-1-300x169.webp\" class=\"attachment-medium size-medium wp-image-433\" alt=\"\" srcset=\"https:\/\/peinturemarine.com\/wp-content\/uploads\/2023\/10\/5-1-300x169.webp 300w, https:\/\/peinturemarine.com\/wp-content\/uploads\/2023\/10\/5-1-1024x576.webp 1024w, https:\/\/peinturemarine.com\/wp-content\/uploads\/2023\/10\/5-1-768x432.webp 768w, https:\/\/peinturemarine.com\/wp-content\/uploads\/2023\/10\/5-1-1536x864.webp 1536w, https:\/\/peinturemarine.com\/wp-content\/uploads\/2023\/10\/5-1-600x338.webp 600w, https:\/\/peinturemarine.com\/wp-content\/uploads\/2023\/10\/5-1.webp 1920w\" sizes=\"(max-width: 300px) 100vw, 300px\" \/><\/div>\n\t\t<\/a>\n\t\t\t\t<div class=\"elementor-post__text\">\n\t\t\t\t<h3 class=\"elementor-post__title\">\n\t\t\t<a href=\"https:\/\/peinturemarine.com\/en\/technique-de-la-peinture-a-lhuile\/\">\n\t\t\t\tThe fascinating characteristics of the oil painting technique\t\t\t<\/a>\n\t\t<\/h3>\n\t\t\t\t<div class=\"elementor-post__meta-data\">\n\t\t\t\t\t<span class=\"elementor-post-date\">\n\t\t\t10\/14\/2023\t\t<\/span>\n\t\t\t\t<\/div>\n\t\t\t\t<div class=\"elementor-post__excerpt\">\n\t\t\t<p>Si vous \u00eates un amateur d&rsquo;art ou un artiste en herbe, vous avez probablement d\u00e9j\u00e0 entendu parler de la technique de la peinture \u00e0 l&rsquo;huile. Ce m\u00e9dium fascinant poss\u00e8de une<\/p>\n\t\t<\/div>\n\t\t\n\t\t<a class=\"elementor-post__read-more\" href=\"https:\/\/peinturemarine.com\/en\/technique-de-la-peinture-a-lhuile\/\" aria-label=\"Read more about Les Caract\u00e9ristiques Fascinantes de la Technique de la Peinture \u00e0 l&rsquo;Huile\" tabindex=\"-1\">\n\t\t\tLire la suite \u00bb\t\t<\/a>\n\n\t\t\t\t<\/div>\n\t\t\t\t<\/article>\n\t\t\t\t<article class=\"elementor-post elementor-grid-item post-402 post type-post status-publish format-standard has-post-thumbnail hentry category-les-peintres\" role=\"listitem\">\n\t\t\t\t<a class=\"elementor-post__thumbnail__link\" href=\"https:\/\/peinturemarine.com\/en\/art-local\/\" tabindex=\"-1\">\n\t\t\t<div class=\"elementor-post__thumbnail\"><img decoding=\"async\" width=\"300\" height=\"169\" src=\"https:\/\/peinturemarine.com\/wp-content\/uploads\/2023\/08\/4-300x169.webp\" class=\"attachment-medium size-medium wp-image-405\" alt=\"\" srcset=\"https:\/\/peinturemarine.com\/wp-content\/uploads\/2023\/08\/4-300x169.webp 300w, https:\/\/peinturemarine.com\/wp-content\/uploads\/2023\/08\/4-1024x576.webp 1024w, https:\/\/peinturemarine.com\/wp-content\/uploads\/2023\/08\/4-768x432.webp 768w, https:\/\/peinturemarine.com\/wp-content\/uploads\/2023\/08\/4-1536x864.webp 1536w, https:\/\/peinturemarine.com\/wp-content\/uploads\/2023\/08\/4-600x338.webp 600w, https:\/\/peinturemarine.com\/wp-content\/uploads\/2023\/08\/4.webp 1920w\" sizes=\"(max-width: 300px) 100vw, 300px\" \/><\/div>\n\t\t<\/a>\n\t\t\t\t<div class=\"elementor-post__text\">\n\t\t\t\t<h3 class=\"elementor-post__title\">\n\t\t\t<a href=\"https:\/\/peinturemarine.com\/en\/art-local\/\">\n\t\t\t\tWhy buy local art: supporting contemporary artists\t\t\t<\/a>\n\t\t<\/h3>\n\t\t\t\t<div class=\"elementor-post__meta-data\">\n\t\t\t\t\t<span class=\"elementor-post-date\">\n\t\t\t08\/15\/2023\t\t<\/span>\n\t\t\t\t<\/div>\n\t\t\t\t<div class=\"elementor-post__excerpt\">\n\t\t\t<p>Dans un monde o\u00f9 tout est de plus en plus globalis\u00e9, la valeur et l&rsquo;importance de l&rsquo;art local sont parfois n\u00e9glig\u00e9es. Acheter de l&rsquo;art local n&rsquo;est pas seulement un geste<\/p>\n\t\t<\/div>\n\t\t\n\t\t<a class=\"elementor-post__read-more\" href=\"https:\/\/peinturemarine.com\/en\/art-local\/\" aria-label=\"Read more about Pourquoi Acheter de l&rsquo;Art Local : Soutenir les Artistes Contemporains\" tabindex=\"-1\">\n\t\t\tLire la suite \u00bb\t\t<\/a>\n\n\t\t\t\t<\/div>\n\t\t\t\t<\/article>\n\t\t\t\t<article class=\"elementor-post elementor-grid-item post-373 post type-post status-publish format-standard has-post-thumbnail hentry category-uncategorized\" role=\"listitem\">\n\t\t\t\t<a class=\"elementor-post__thumbnail__link\" href=\"https:\/\/peinturemarine.com\/en\/peinture-a-lhuile\/\" tabindex=\"-1\">\n\t\t\t<div class=\"elementor-post__thumbnail\"><img decoding=\"async\" width=\"300\" height=\"169\" src=\"https:\/\/peinturemarine.com\/wp-content\/uploads\/2023\/08\/2-300x169.webp\" class=\"attachment-medium size-medium wp-image-379\" alt=\"\" srcset=\"https:\/\/peinturemarine.com\/wp-content\/uploads\/2023\/08\/2-300x169.webp 300w, https:\/\/peinturemarine.com\/wp-content\/uploads\/2023\/08\/2-1024x576.webp 1024w, https:\/\/peinturemarine.com\/wp-content\/uploads\/2023\/08\/2-768x432.webp 768w, https:\/\/peinturemarine.com\/wp-content\/uploads\/2023\/08\/2-1536x864.webp 1536w, https:\/\/peinturemarine.com\/wp-content\/uploads\/2023\/08\/2-600x338.webp 600w, https:\/\/peinturemarine.com\/wp-content\/uploads\/2023\/08\/2.webp 1920w\" sizes=\"(max-width: 300px) 100vw, 300px\" \/><\/div>\n\t\t<\/a>\n\t\t\t\t<div class=\"elementor-post__text\">\n\t\t\t\t<h3 class=\"elementor-post__title\">\n\t\t\t<a href=\"https:\/\/peinturemarine.com\/en\/peinture-a-lhuile\/\">\n\t\t\t\tThe magic of oil painting: exploring its advantages\t\t\t<\/a>\n\t\t<\/h3>\n\t\t\t\t<div class=\"elementor-post__meta-data\">\n\t\t\t\t\t<span class=\"elementor-post-date\">\n\t\t\t08\/06\/2023\t\t<\/span>\n\t\t\t\t<\/div>\n\t\t\t\t<div class=\"elementor-post__excerpt\">\n\t\t\t<p>Pourquoi la peinture \u00e0 l&rsquo;huile est-elle un m\u00e9dium si privil\u00e9gi\u00e9 ? La peinture \u00e0 l&rsquo;huile a longtemps \u00e9t\u00e9 le choix privil\u00e9gi\u00e9 des grands ma\u00eetres. Mais qu&rsquo;est-ce qui en fait un<\/p>\n\t\t<\/div>\n\t\t\n\t\t<a class=\"elementor-post__read-more\" href=\"https:\/\/peinturemarine.com\/en\/peinture-a-lhuile\/\" aria-label=\"Read more about La Magie de la Peinture \u00e0 l&rsquo;Huile : Une Exploration des Avantages\" tabindex=\"-1\">\n\t\t\tLire la suite \u00bb\t\t<\/a>\n\n\t\t\t\t<\/div>\n\t\t\t\t<\/article>\n\t\t\t\t<\/div>\n\t\t\n\t\t\t\t\t\t<\/div>\n\t\t\t\t<\/div>\n\t\t\t\t<\/div>\n\t\t\t\t<\/div>\n\t\t\t\t<\/div>","protected":false},"excerpt":{"rendered":"<p>L&rsquo;Atelier des Vagues Bienvenue dans l&rsquo;espace blog de Peinture Marine, vous y d\u00e9couvrirez plus d&rsquo;informations sur ce qui fait l&rsquo;inspiration de Peinture Marine, sur les techniques de peinture, et sur la magie qui se cache derri\u00e8re chaque toile. Plongez dans l&rsquo;univers des vagues d\u00e9cha\u00een\u00e9es et des paysages maritimes \u00e0 travers ces r\u00e9cits, et laissez-vous emporter&#8230;<\/p>","protected":false},"author":1,"featured_media":0,"parent":0,"menu_order":0,"comment_status":"closed","ping_status":"closed","template":"","meta":{"_kad_post_transparent":"","_kad_post_title":"hide","_kad_post_layout":"fullwidth","_kad_post_sidebar_id":"","_kad_post_content_style":"unboxed","_kad_post_vertical_padding":"hide","_kad_post_feature":"hide","_kad_post_feature_position":"","_kad_post_header":false,"_kad_post_footer":false,"footnotes":""},"class_list":["post-366","page","type-page","status-publish","hentry"],"_links":{"self":[{"href":"https:\/\/peinturemarine.com\/en\/wp-json\/wp\/v2\/pages\/366","targetHints":{"allow":["GET"]}}],"collection":[{"href":"https:\/\/peinturemarine.com\/en\/wp-json\/wp\/v2\/pages"}],"about":[{"href":"https:\/\/peinturemarine.com\/en\/wp-json\/wp\/v2\/types\/page"}],"author":[{"embeddable":true,"href":"https:\/\/peinturemarine.com\/en\/wp-json\/wp\/v2\/users\/1"}],"replies":[{"embeddable":true,"href":"https:\/\/peinturemarine.com\/en\/wp-json\/wp\/v2\/comments?post=366"}],"version-history":[{"count":0,"href":"https:\/\/peinturemarine.com\/en\/wp-json\/wp\/v2\/pages\/366\/revisions"}],"wp:attachment":[{"href":"https:\/\/peinturemarine.com\/en\/wp-json\/wp\/v2\/media?parent=366"}],"curies":[{"name":"wp","href":"https:\/\/api.w.org\/{rel}","templated":true}]}}