{"id":3,"date":"2021-12-01T08:39:07","date_gmt":"2021-12-01T08:39:07","guid":{"rendered":"http:\/\/peinturemarine.com\/?page_id=3"},"modified":"2023-10-22T19:33:21","modified_gmt":"2023-10-22T19:33:21","slug":"privacy-policy","status":"publish","type":"page","link":"https:\/\/peinturemarine.com\/en\/privacy-policy\/","title":{"rendered":"Politique de Confidentialit\u00e9 de PeintureMarine.com"},"content":{"rendered":"<h3 class=\"wp-block-heading\">Derni\u00e8re mise \u00e0 jour : 22\/10\/23<\/h3>\n\n\n\n<h4 class=\"wp-block-heading\">Introduction<\/h4>\n\n\n\n<p>Bienvenue sur PeintureMarine.com. Nous attachons une grande importance \u00e0 la protection de vos donn\u00e9es personnelles et nous nous engageons \u00e0 les traiter avec le plus grand soin. Cette Politique de Confidentialit\u00e9 d\u00e9crit les informations que nous collectons, comment nous les utilisons, et les choix qui s&rsquo;offrent \u00e0 vous.<\/p>\n\n\n\n<h4 class=\"wp-block-heading\">Collecte des Informations<\/h4>\n\n\n\n<p>Nous collectons des informations lorsque vous naviguez sur notre site, lorsque vous vous inscrivez \u00e0 notre newsletter, ou lorsque vous effectuez un achat. Les donn\u00e9es collect\u00e9es peuvent inclure :<\/p>\n\n\n\n<ul class=\"wp-block-list\">\n<li>Votre nom<\/li>\n\n\n\n<li>Votre adresse e-mail<\/li>\n\n\n\n<li>Votre adresse postale<\/li>\n\n\n\n<li>Informations de paiement<\/li>\n<\/ul>\n\n\n\n<h4 class=\"wp-block-heading\">Utilisation des Informations<\/h4>\n\n\n\n<p>Les informations collect\u00e9es peuvent \u00eatre utilis\u00e9es pour :<\/p>\n\n\n\n<ul class=\"wp-block-list\">\n<li>Traiter vos commandes<\/li>\n\n\n\n<li>Am\u00e9liorer notre site web et nos services<\/li>\n\n\n\n<li>Vous envoyer des newsletters et des promotions<\/li>\n\n\n\n<li>R\u00e9pondre \u00e0 vos demandes ou questions<\/li>\n<\/ul>\n\n\n\n<h4 class=\"wp-block-heading\">Partage des Informations<\/h4>\n\n\n\n<p>Nous ne vendons, n&rsquo;\u00e9changeons ni ne transf\u00e9rons vos donn\u00e9es personnelles \u00e0 des tiers sans votre consentement, \u00e0 l&rsquo;exception de ce qui est n\u00e9cessaire pour traiter vos commandes et vous fournir nos services (par exemple, les partenaires de paiement).<\/p>\n\n\n\n<h4 class=\"wp-block-heading\">S\u00e9curit\u00e9 des Donn\u00e9es<\/h4>\n\n\n\n<p>Nous mettons en \u0153uvre des mesures de s\u00e9curit\u00e9 pour prot\u00e9ger vos donn\u00e9es contre l&rsquo;acc\u00e8s non autoris\u00e9, la modification, la divulgation ou la destruction.<\/p>\n\n\n\n<h4 class=\"wp-block-heading\">Cookies<\/h4>\n\n\n\n<p>Nous utilisons des cookies pour am\u00e9liorer votre exp\u00e9rience utilisateur et analyser le trafic de notre site. Vous pouvez choisir de d\u00e9sactiver les cookies via les param\u00e8tres de votre navigateur, mais cela pourrait affecter certaines fonctionnalit\u00e9s de notre site.<\/p>\n\n\n\n<h4 class=\"wp-block-heading\">Vos Choix et Droits<\/h4>\n\n\n\n<p>Vous avez le droit d&rsquo;acc\u00e9der, de modifier ou de supprimer vos donn\u00e9es personnelles. Vous pouvez \u00e9galement vous d\u00e9sinscrire de notre newsletter \u00e0 tout moment.<\/p>\n\n\n\n<h4 class=\"wp-block-heading\">Modifications de cette Politique<\/h4>\n\n\n\n<p>Nous nous r\u00e9servons le droit de modifier cette Politique de Confidentialit\u00e9 \u00e0 tout moment, donc veuillez la consulter r\u00e9guli\u00e8rement. Les modifications prendront effet imm\u00e9diatement apr\u00e8s leur publication sur le site.<\/p>\n\n\n\n<h4 class=\"wp-block-heading\">Nous contacter<\/h4>\n\n\n\n<p>Si vous avez des questions concernant cette Politique de Confidentialit\u00e9, veuillez nous contacter \u00e0 contact@peinturemarine.com.<\/p>\n\n\n\n<p><\/p>","protected":false},"excerpt":{"rendered":"<p>Derni\u00e8re mise \u00e0 jour : 22\/10\/23 Introduction Bienvenue sur PeintureMarine.com. Nous attachons une grande importance \u00e0 la protection de vos donn\u00e9es personnelles et nous nous engageons \u00e0 les traiter avec le plus grand soin. Cette Politique de Confidentialit\u00e9 d\u00e9crit les informations que nous collectons, comment nous les utilisons, et les choix qui s&rsquo;offrent \u00e0 vous&#8230;.<\/p>","protected":false},"author":1,"featured_media":0,"parent":0,"menu_order":0,"comment_status":"closed","ping_status":"open","template":"","meta":{"_kad_post_transparent":"","_kad_post_title":"","_kad_post_layout":"","_kad_post_sidebar_id":"","_kad_post_content_style":"","_kad_post_vertical_padding":"","_kad_post_feature":"","_kad_post_feature_position":"","_kad_post_header":false,"_kad_post_footer":false,"footnotes":""},"class_list":["post-3","page","type-page","status-publish","hentry"],"_links":{"self":[{"href":"https:\/\/peinturemarine.com\/en\/wp-json\/wp\/v2\/pages\/3","targetHints":{"allow":["GET"]}}],"collection":[{"href":"https:\/\/peinturemarine.com\/en\/wp-json\/wp\/v2\/pages"}],"about":[{"href":"https:\/\/peinturemarine.com\/en\/wp-json\/wp\/v2\/types\/page"}],"author":[{"embeddable":true,"href":"https:\/\/peinturemarine.com\/en\/wp-json\/wp\/v2\/users\/1"}],"replies":[{"embeddable":true,"href":"https:\/\/peinturemarine.com\/en\/wp-json\/wp\/v2\/comments?post=3"}],"version-history":[{"count":0,"href":"https:\/\/peinturemarine.com\/en\/wp-json\/wp\/v2\/pages\/3\/revisions"}],"wp:attachment":[{"href":"https:\/\/peinturemarine.com\/en\/wp-json\/wp\/v2\/media?parent=3"}],"curies":[{"name":"wp","href":"https:\/\/api.w.org\/{rel}","templated":true}]}}