{"id":23,"date":"2022-02-11T10:33:10","date_gmt":"2022-02-11T10:33:10","guid":{"rendered":"https:\/\/peinturemarine.com\/?page_id=23"},"modified":"2023-10-22T19:27:45","modified_gmt":"2023-10-22T19:27:45","slug":"conditions-generales-de-ventes","status":"publish","type":"page","link":"https:\/\/peinturemarine.com\/en\/conditions-generales-de-ventes\/","title":{"rendered":"Conditions g\u00e9n\u00e9rales de ventes"},"content":{"rendered":"<p>Peinturemarine.com<br>Soci\u00e9t\u00e9 Auto-entrepreneur au capital de &nbsp;euros<br>Si\u00e8ge social 12 chemin de l&rsquo;\u00e9curie 16390 Bonnes ; &nbsp;<br>N\u00b0 de t\u00e9l\u00e9phone 0786129467 ; Adresse du courrier \u00e9lectronique&nbsp;<a href=\"mailto:contact@peinturemarine.com\">contact@peinturemarine.com<\/a>;<br>RCS (ou R\u00e9pertoire des m\u00e9tiers) de &nbsp;n\u00b0 ;<br>TVA Intra-communautaire n\u00b0;<br>Le responsable de la publication personne physique est Julie Andrieu;<\/p>\n\n\n\n<p>Les pr\u00e9sentes CGV ont \u00e9t\u00e9 g\u00e9n\u00e9r\u00e9es gratuitement par la soci\u00e9t\u00e9 de communication &lt;a href=\u00a0\u00bb<a rel=\"noreferrer noopener\" target=\"_blank\" href=\"http:\/\/kinic.fr\/\">http:\/\/kinic.fr<\/a>\u00a0&raquo; target=&nbsp;&raquo;_blank&nbsp;&raquo;&gt;Kinic&lt;\/a&gt;<\/p>\n\n\n\n<p>&lt;h1&gt;Conditions g&eacute;n&eacute;rales de vente des produits vendus sur Peinture marine&lt;\/h1&gt;<\/p>\n\n\n\n<p>Date de derni\u00e8re mise \u00e0 jour<\/p>\n\n\n\n<p>&lt;h2&gt;Article 1 &ndash; Objet&lt;\/h2&gt;<\/p>\n\n\n\n<p>Les pr\u00e9sentes conditions r\u00e9gissent les ventes par la soci\u00e9t\u00e9 Peinturemarine.com 12 chemin de l&rsquo;\u00e9curie 16390 Bonnes de .<\/p>\n\n\n\n<p>&lt;h2&gt;Article 2 &ndash; Prix&lt;\/h2&gt;<\/p>\n\n\n\n<p>Les prix de nos produits sont indiqu\u00e9s en euros toutes taxes comprises (TVA et autres taxes applicables au jour de la commande), sauf indication contraire et hors frais de traitement et d&rsquo;exp\u00e9dition.<\/p>\n\n\n\n<p>En cas de commande vers un pays autre que la France m&eacute;tropolitaine vous &ecirc;tes l&rsquo;importateur du ou des produits concern&eacute;s. Des droits de douane ou autres taxes locales ou droits d&rsquo;importation ou taxes d&rsquo;&eacute;tat sont susceptibles d&rsquo;&ecirc;tre exigibles. Ces droits et sommes ne rel&egrave;vent pas du ressort de la soci&eacute;t&eacute; &lt;b&gt;Peinturemarine.com&lt;\/b&gt;. Ils seront &agrave; votre charge et rel&egrave;vent de votre enti&egrave;re responsabilit&eacute;, tant en termes de d&eacute;clarations que de paiements aux autorit&eacute;s et organismes comp&eacute;tents de votre pays. Nous vous conseillons de vous renseigner sur ces aspects aupr&egrave;s de vos autorit&eacute;s locales.<\/p>\n\n\n\n<p>Toutes les commandes quelle que soit leur origine sont payables en euros. &nbsp;<\/p>\n\n\n\n<p>La soci&eacute;t&eacute; &lt;b&gt;Peinturemarine.com&lt;\/b&gt; se r&eacute;serve le droit de modifier ses prix &agrave; tout moment, mais le produit sera factur&eacute; sur la base du tarif en vigueur au moment de la validation de la commande et sous r&eacute;serve de disponibilit&eacute;.<\/p>\n\n\n\n<p>Les produits demeurent la propri&eacute;t&eacute; de la soci&eacute;t&eacute; &lt;b&gt;Peinturemarine.com&lt;\/b&gt; jusqu&rsquo;au paiement complet du prix. &nbsp;<\/p>\n\n\n\n<p>Attention : d\u00e8s que vous prenez possession physiquement des produits command\u00e9s, les risques de perte ou d&rsquo;endommagement des produits vous sont transf\u00e9r\u00e9s.<\/p>\n\n\n\n<p>&lt;h2&gt;Article 3 &ndash; Commandes&lt;\/h2&gt;<\/p>\n\n\n\n<p>&lt;b&gt;Vous pouvez passer commande : &lt;\/b&gt; &nbsp;<\/p>\n\n\n\n<p>Sur Internet : &lt;a href=\u00a0\u00bb<a rel=\"noreferrer noopener\" target=\"_blank\" href=\"https:\/\/peinturemarine.com\/en\/\">www.peinturemarine.com<\/a>\u00ab\u00a0&gt;<a rel=\"noreferrer noopener\" target=\"_blank\" href=\"https:\/\/peinturemarine.com\/en\/\">www.peinturemarine.com<\/a>&lt;\/a&gt;<\/p>\n\n\n\n<p>Les informations contractuelles sont pr\u00e9sent\u00e9es en langue fran\u00e7aise et feront l&rsquo;objet d&rsquo;une confirmation au plus tard au moment de la validation de votre commande. &nbsp;<\/p>\n\n\n\n<p>La soci&eacute;t&eacute; &lt;b&gt;Peinturemarine.com&lt;\/b&gt; se r&eacute;serve le droit de ne pas enregistrer un paiement, et de ne pas confirmer une commande pour quelque raison que ce soit, et plus particuli&egrave;rement en cas de probl&egrave;me d&rsquo;approvisionnement, ou en cas de difficult&eacute; concernant la commande re&ccedil;ue.<\/p>\n\n\n\n<p>&lt;h2&gt;Article 4 &ndash; Validation de votre commande&lt;\/h2&gt;<\/p>\n\n\n\n<p>Toute commande figurant sur le site Internet &lt;a href=\u00a0\u00bb<a rel=\"noreferrer noopener\" target=\"_blank\" href=\"https:\/\/peinturemarine.com\/en\/\">www.peinturemarine.com<\/a>\u00ab\u00a0&gt;<a rel=\"noreferrer noopener\" target=\"_blank\" href=\"https:\/\/peinturemarine.com\/en\/\">www.peinturemarine.com<\/a>&lt;\/a&gt; suppose l&rsquo;adh&eacute;sion aux pr&eacute;sentes Conditions G&eacute;n&eacute;rales. Toute confirmation de commande entra&icirc;ne votre adh&eacute;sion pleine et enti&egrave;re aux pr&eacute;sentes conditions g&eacute;n&eacute;rales de vente, sans exception ni r&eacute;serve. &nbsp;<\/p>\n\n\n\n<p>L&rsquo;ensemble des donn\u00e9es fournies et la confirmation enregistr\u00e9e vaudront preuve de la transaction.<\/p>\n\n\n\n<p>Vous d\u00e9clarez en avoir parfaite connaissance. &nbsp;<\/p>\n\n\n\n<p>La confirmation de commande vaudra signature et acceptation des op\u00e9rations effectu\u00e9es. &nbsp;<\/p>\n\n\n\n<p>Un r\u00e9capitulatif des informations de votre commande et des pr\u00e9sentes Conditions G\u00e9n\u00e9rales, vous sera communiqu\u00e9 en format PDF via l&rsquo;adresse e-mail de confirmation de votre commande.<\/p>\n\n\n\n<p>&lt;h2&gt;Article 5 &ndash; Paiement&lt;\/h2&gt;<\/p>\n\n\n\n<p>Le fait de valider votre commande implique pour vous l&rsquo;obligation de payer le prix indiqu\u00e9. &nbsp;<\/p>\n\n\n\n<p>Le r\u00e8glement de vos achats s&rsquo;effectue par carte bancaire gr\u00e2ce au syst\u00e8me s\u00e9curis\u00e9 .<\/p>\n\n\n\n<p>Le d\u00e9bit de la carte n&rsquo;est effectu\u00e9 qu&rsquo;au moment de l&rsquo;exp\u00e9dition de la commande. En cas de livraisons fractionn\u00e9es, seuls les produits exp\u00e9di\u00e9s sont d\u00e9bit\u00e9s.<\/p>\n\n\n\n<p>&lt;h2&gt;Article 6 &ndash; R&eacute;tractation&lt;\/h2&gt;<\/p>\n\n\n\n<p>Conform\u00e9ment aux dispositions de l&rsquo;article L.121-21 du Code de la Consommation, vous disposez d&rsquo;un d\u00e9lai de r\u00e9tractation de 14 jours \u00e0 compter de la r\u00e9ception de vos produits pour exercer votre droit de r\u00e9traction sans avoir \u00e0 justifier de motifs ni \u00e0 payer de p\u00e9nalit\u00e9. &nbsp;<\/p>\n\n\n\n<p>Les retours sont \u00e0 effectuer dans leur \u00e9tat d&rsquo;origine et complets (emballage, accessoires, notice). Dans ce cadre, votre responsabilit\u00e9 est engag\u00e9e. Tout dommage subi par le produit \u00e0 cette occasion peut \u00eatre de nature \u00e0 faire \u00e9chec au droit de r\u00e9tractation.<\/p>\n\n\n\n<p>Les frais de retour sont Gratuit.<\/p>\n\n\n\n<p>En cas d&rsquo;exercice du droit de r&eacute;tractation, la soci&eacute;t&eacute; &lt;b&gt;Peinturemarine.com&lt;\/b&gt; proc&eacute;dera au remboursement des sommes vers&eacute;es, dans un d&eacute;lai de 14 jours suivant la notification de votre demande et via le m&ecirc;me moyen de paiement que celui utilis&eacute; lors de la commande.<\/p>\n\n\n\n<p>&lt;b&gt;EXCEPTIONS AU DROIT DE RETRACTATION&lt;\/b&gt; &nbsp;<\/p>\n\n\n\n<p>Conform\u00e9ment aux dispositions de l&rsquo;article L.121-21-8 du Code de la Consommation, le droit de r\u00e9tractation ne s&rsquo;applique pas \u00e0 : &nbsp;<\/p>\n\n\n\n<p>La fourniture de services pleinement ex\u00e9cut\u00e9s avant la fin du d\u00e9lai de r\u00e9tractation et dont l&rsquo;ex\u00e9cution a commenc\u00e9 apr\u00e8s accord pr\u00e9alable expr\u00e8s du consommateur et renoncement expr\u00e8s \u00e0 son droit de r\u00e9tractation.<br>La fourniture de biens ou de services dont le prix d\u00e9pend de fluctuations sur le march\u00e9 financier \u00e9chappant au contr\u00f4le du professionnel et susceptibles de se produire pendant le d\u00e9lai de r\u00e9tractation.<br>La fourniture de biens confectionn\u00e9s selon les sp\u00e9cifications du consommateur ou nettement personnalis\u00e9s.<br>La fourniture de biens susceptibles de se d\u00e9t\u00e9riorer ou de se p\u00e9rimer rapidement.<br>La fourniture de biens qui ont \u00e9t\u00e9 descell\u00e9s par le consommateur apr\u00e8s la livraison et qui ne peuvent \u00eatre renvoy\u00e9s pour des raisons d&rsquo;hygi\u00e8ne ou de protection de la sant\u00e9.<br>La fourniture de biens qui, apr\u00e8s avoir \u00e9t\u00e9 livr\u00e9s et de par leur nature, sont m\u00e9lang\u00e9s de mani\u00e8re indissociable avec d&rsquo;autres articles ;<br>La fourniture de boissons alcoolis\u00e9es dont la livraison est diff\u00e9r\u00e9e au-del\u00e0 de trente jours et dont la valeur convenue \u00e0 la conclusion du contrat d\u00e9pend de fluctuations sur le march\u00e9 \u00e9chappant au contr\u00f4le du professionnel.<br>La fourniture d&rsquo;enregistrements audio ou vid\u00e9o ou de logiciels informatiques lorsqu&rsquo;ils ont \u00e9t\u00e9 descell\u00e9s par le consommateur apr\u00e8s la livraison.<br>La fourniture d&rsquo;un journal, d&rsquo;un p\u00e9riodique ou d&rsquo;un magazine, sauf pour les contrats d&rsquo;abonnement \u00e0 ces publications.<br>Les transactions conclues lors d&rsquo;une ench\u00e8re publique.<br>La fourniture d&rsquo;un contenu num\u00e9rique non fourni sur un support mat\u00e9riel dont l&rsquo;ex\u00e9cution a commenc\u00e9 apr\u00e8s accord pr\u00e9alable expr\u00e8s du consommateur et renoncement expr\u00e8s \u00e0 son droit de r\u00e9tractation.<br>Article 7- Disponibilit\u00e9<\/p>\n\n\n\n<p>Nos produits sont propos\u00e9s tant qu&rsquo;ils sont visibles sur le site &lt;a href=\u00a0\u00bb<a rel=\"noreferrer noopener\" target=\"_blank\" href=\"https:\/\/peinturemarine.com\/en\/\">www.peinturemarine.com<\/a>\u00ab\u00a0&gt;<a rel=\"noreferrer noopener\" target=\"_blank\" href=\"https:\/\/peinturemarine.com\/en\/\">www.peinturemarine.com<\/a>&lt;\/a&gt; et dans la limite des stocks disponibles. Pour les produits non stock&eacute;s, nos offres sont valables sous r&eacute;serve de disponibilit&eacute; chez nos fournisseurs.<br>En cas d&rsquo;indisponibilit\u00e9 de produit apr\u00e8s passation de votre commande, nous vous en informerons par mail. Votre commande sera automatiquement annul\u00e9e et aucun d\u00e9bit bancaire ne sera effectu\u00e9. &nbsp;<\/p>\n\n\n\n<p>En outre, le site Internet &lt;a href=\u00a0\u00bb<a rel=\"noreferrer noopener\" target=\"_blank\" href=\"https:\/\/peinturemarine.com\/en\/\">www.peinturemarine.com<\/a>\u00ab\u00a0&gt;<a rel=\"noreferrer noopener\" target=\"_blank\" href=\"https:\/\/peinturemarine.com\/en\/\">www.peinturemarine.com<\/a>&lt;\/a&gt; n&rsquo;a pas vocation &agrave; vendre ses produits en quantit&eacute;s importantes. Par cons&eacute;quent la soci&eacute;t&eacute; &lt;b&gt;Peinturemarine.com&lt;\/b&gt; se r&eacute;serve le droit de refuser les commandes de &nbsp;articles identiques.<\/p>\n\n\n\n<p>&lt;h2&gt;Article 8 &ndash; Livraison&lt;\/h2&gt;<\/p>\n\n\n\n<p>Les produits sont livr\u00e9s \u00e0 l&rsquo;adresse de livraison indiqu\u00e9e au cours du processus de commande, dans le d\u00e9lai indiqu\u00e9 sur la page de validation de la commande.<\/p>\n\n\n\n<p>En cas de retard d&rsquo;exp\u00e9dition, un mail vous sera adress\u00e9 pour vous informer d&rsquo;une \u00e9ventuelle cons\u00e9quence sur le d\u00e9lai de livraison qui vous a \u00e9t\u00e9 indiqu\u00e9. &nbsp;<\/p>\n\n\n\n<p>Conform\u00e9ment aux dispositions l\u00e9gales, en cas de retard de livraison, vous b\u00e9n\u00e9ficiez de la possibilit\u00e9 d&rsquo;annuler la commande dans les conditions et modalit\u00e9s d\u00e9finies \u00e0 l&rsquo;article L 138-2 du Code de la Consommation. Si entre temps vous recevez le produit nous proc\u00e9derons \u00e0 son remboursement et aux frais d&rsquo;acheminement dans les conditions de l&rsquo;article L 138-3 du Code de la Consommation.<\/p>\n\n\n\n<p>En cas de livraisons par une transporteur, la soci&eacute;t&eacute; &lt;b&gt;Peinturemarine.com&lt;\/b&gt; ne peut &ecirc;tre tenue pour responsable de retard de livraison d&ucirc; exclusivement &agrave; une indisponibilit&eacute; du client apr&egrave;s plusieurs propositions de rendez-vous.<\/p>\n\n\n\n<p>&lt;h2&gt;Article 9 &ndash; Garantie&lt;\/h2&gt;<\/p>\n\n\n\n<p>Tous nos produits b\u00e9n\u00e9ficient de la garantie l\u00e9gale de conformit\u00e9 et de la garantie des vices cach\u00e9s, pr\u00e9vues par les articles 1641 et suivants du Code civil. En cas de non-conformit\u00e9 d&rsquo;un produit vendu, il pourra \u00eatre retourn\u00e9, \u00e9chang\u00e9 ou rembours\u00e9. &nbsp;<\/p>\n\n\n\n<p>Toutes les r\u00e9clamations, demandes d&rsquo;\u00e9change ou de remboursement doivent s&rsquo;effectuer par Mail dans le d\u00e9lai de 30 jours de la livraison. &nbsp;<\/p>\n\n\n\n<p>Les produits doivent nous \u00eatre retourn\u00e9s dans l&rsquo;\u00e9tat dans lequel vous les avez re\u00e7us avec l&rsquo;ensemble des \u00e9l\u00e9ments (accessoires, emballage, notice&#8230;). Les frais d&rsquo;envoi vous seront rembours\u00e9s sur la base du tarif factur\u00e9 et les frais de retour vous seront rembours\u00e9s sur pr\u00e9sentation des justificatifs.<\/p>\n\n\n\n<p>Les dispositions de cet Article ne vous emp\u00eachent pas de b\u00e9n\u00e9ficier du droit de r\u00e9tractation pr\u00e9vu \u00e0 l&rsquo;article 6.<\/p>\n\n\n\n<p>&lt;h2&gt;Article 10 &ndash; Responsabilit&eacute;&lt;\/h2&gt;<\/p>\n\n\n\n<p>Les produits propos&eacute;s sont conformes &agrave; la l&eacute;gislation fran&ccedil;aise en vigueur. La responsabilit&eacute; de la soci&eacute;t&eacute; &lt;b&gt;Peinturemarine.com&lt;\/b&gt; ne saurait &ecirc;tre engag&eacute;e en cas de non-respect de la l&eacute;gislation du pays o&ugrave; le produit est livr&eacute;. Il vous appartient de v&eacute;rifier aupr&egrave;s des autorit&eacute;s locales les possibilit&eacute;s d&rsquo;importation ou d&rsquo;utilisation des produits ou services que vous envisagez de commander.<\/p>\n\n\n\n<p>Par ailleurs, la soci&eacute;t&eacute; &lt;b&gt;Peinturemarine.com&lt;\/b&gt; ne saurait &ecirc;tre tenue pour responsable des dommages r&eacute;sultant d&rsquo;une mauvaise utilisation du produit achet&eacute;.<\/p>\n\n\n\n<p>Enfin la responsabilit&eacute; de la soci&eacute;t&eacute; &lt;b&gt;Peinturemarine.com&lt;\/b&gt; ne saurait &ecirc;tre engag&eacute;e pour tous les inconv&eacute;nients ou dommages inh&eacute;rents &agrave; l&rsquo;utilisation du r&eacute;seau Internet, notamment une rupture de service, une intrusion ext&eacute;rieure ou la pr&eacute;sence de virus informatiques.<\/p>\n\n\n\n<p>&lt;h2&gt;Article 11 &ndash; Droit applicable en cas de litiges&lt;\/h2&gt;<\/p>\n\n\n\n<p>La langue du pr\u00e9sent contrat est la langue fran\u00e7aise. Les pr\u00e9sentes conditions de vente sont soumises \u00e0 la loi fran\u00e7aise. En cas de litige, les tribunaux fran\u00e7ais seront les seuls comp\u00e9tents.<\/p>\n\n\n\n<p>&lt;h2&gt;Article 12 &ndash; Propri&eacute;t&eacute; intellectuelle&lt;\/h2&gt;<\/p>\n\n\n\n<p>Tous les \u00e9l\u00e9ments du site &lt;a href=\u00a0\u00bb<a rel=\"noreferrer noopener\" target=\"_blank\" href=\"https:\/\/peinturemarine.com\/en\/\">www.peinturemarine.com<\/a>\u00ab\u00a0&gt;<a rel=\"noreferrer noopener\" target=\"_blank\" href=\"https:\/\/peinturemarine.com\/en\/\">www.peinturemarine.com<\/a>&lt;\/a&gt; sont et restent la propri&eacute;t&eacute; intellectuelle et exclusive de la soci&eacute;t&eacute; &lt;b&gt;Peinturemarine.com&lt;\/b&gt;. Nul n&rsquo;est autoris&eacute; &agrave; reproduire, exploiter, rediffuser, ou utiliser &agrave; quelque titre que ce soit, m&ecirc;me partiellement, des &eacute;l&eacute;ments du site qu&rsquo;ils soient logiciels, visuels ou sonores. Tout lien simple ou par hypertexte est strictement interdit sans un accord &eacute;crit expr&egrave;s de la soci&eacute;t&eacute; &lt;b&gt;Peinturemarine.com&lt;\/b&gt;. &nbsp;<\/p>\n\n\n\n<p>Article 13 &#8211; Donn\u00e9es personnelles<\/p>\n\n\n\n<p>La soci&eacute;t&eacute; &lt;b&gt;Peinturemarine.com&lt;\/b&gt; se r&eacute;serve le droit de collecter les informations nominatives et les donn&eacute;es personnelles vous concernant. Elles sont n&eacute;cessaires &agrave; la gestion de votre commande, ainsi qu&rsquo;&agrave; l&rsquo;am&eacute;lioration des services et des informations que nous vous adressons. &nbsp;<\/p>\n\n\n\n<p>Elles peuvent aussi \u00eatre transmises aux soci\u00e9t\u00e9s qui contribuent \u00e0 ces relations, telles que celles charg\u00e9es de l&rsquo;ex\u00e9cution des services et commandes pour leur gestion, ex\u00e9cution, traitement et paiement. &nbsp;<\/p>\n\n\n\n<p>Ces informations et donn\u00e9es sont \u00e9galement conserv\u00e9es \u00e0 des fins de s\u00e9curit\u00e9, afin de respecter les obligations l\u00e9gales et r\u00e9glementaires. &nbsp;<\/p>\n\n\n\n<p>Conform\u00e9ment \u00e0 la loi du 6 janvier 1978, vous disposez d&rsquo;un droit d&rsquo;acc\u00e8s, de rectification et d&rsquo;opposition aux informations nominatives et aux donn\u00e9es personnelles vous concernant, directement sur le site Internet.<\/p>\n\n\n\n<p>&lt;h2&gt;Article 14 &ndash; Archivage Preuve&lt;\/h2&gt;<\/p>\n\n\n\n<p>La soci&eacute;t&eacute; &lt;b&gt;Peinturemarine.com&lt;\/b&gt; archivera les bons de commandes et les factures sur un support fiable et durable constituant une copie fid&egrave;le conform&eacute;ment aux dispositions de l&rsquo;article 1348 du Code civil. &nbsp;<\/p>\n\n\n\n<p>Les registres informatis&eacute;s de la soci&eacute;t&eacute; &lt;b&gt;Peinturemarine.com&lt;\/b&gt; seront consid&eacute;r&eacute;s par toutes les parties concern&eacute;es comme preuve des communications, commandes, paiements et transactions intervenus entre les parties.<\/p>","protected":false},"excerpt":{"rendered":"<p>Peinturemarine.comSoci\u00e9t\u00e9 Auto-entrepreneur au capital de &nbsp;eurosSi\u00e8ge social 12 chemin de l&rsquo;\u00e9curie 16390 Bonnes ; &nbsp;N\u00b0 de t\u00e9l\u00e9phone 0786129467 ; Adresse du courrier \u00e9lectronique&nbsp;contact@peinturemarine.com;RCS (ou R\u00e9pertoire des m\u00e9tiers) de &nbsp;n\u00b0 ;TVA Intra-communautaire n\u00b0;Le responsable de la publication personne physique est Julie Andrieu; Les pr\u00e9sentes CGV ont \u00e9t\u00e9 g\u00e9n\u00e9r\u00e9es gratuitement par la soci\u00e9t\u00e9 de communication &lt;a href=\u00a0\u00bbhttp:\/\/kinic.fr\u00a0\u00bb&#8230;<\/p>","protected":false},"author":1,"featured_media":0,"parent":0,"menu_order":0,"comment_status":"closed","ping_status":"closed","template":"","meta":{"_kad_post_transparent":"","_kad_post_title":"","_kad_post_layout":"","_kad_post_sidebar_id":"","_kad_post_content_style":"","_kad_post_vertical_padding":"","_kad_post_feature":"","_kad_post_feature_position":"","_kad_post_header":false,"_kad_post_footer":false,"footnotes":""},"class_list":["post-23","page","type-page","status-publish","hentry"],"_links":{"self":[{"href":"https:\/\/peinturemarine.com\/en\/wp-json\/wp\/v2\/pages\/23","targetHints":{"allow":["GET"]}}],"collection":[{"href":"https:\/\/peinturemarine.com\/en\/wp-json\/wp\/v2\/pages"}],"about":[{"href":"https:\/\/peinturemarine.com\/en\/wp-json\/wp\/v2\/types\/page"}],"author":[{"embeddable":true,"href":"https:\/\/peinturemarine.com\/en\/wp-json\/wp\/v2\/users\/1"}],"replies":[{"embeddable":true,"href":"https:\/\/peinturemarine.com\/en\/wp-json\/wp\/v2\/comments?post=23"}],"version-history":[{"count":0,"href":"https:\/\/peinturemarine.com\/en\/wp-json\/wp\/v2\/pages\/23\/revisions"}],"wp:attachment":[{"href":"https:\/\/peinturemarine.com\/en\/wp-json\/wp\/v2\/media?parent=23"}],"curies":[{"name":"wp","href":"https:\/\/api.w.org\/{rel}","templated":true}]}}